{"id":6661,"date":"2024-08-29T10:30:40","date_gmt":"2024-08-29T10:30:40","guid":{"rendered":"https:\/\/buhajarjewelry.com\/history-heritage\/"},"modified":"2024-09-07T15:19:57","modified_gmt":"2024-09-07T15:19:57","slug":"history-heritage","status":"publish","type":"page","link":"https:\/\/buhajarjewelry.com\/ar\/history-heritage\/","title":{"rendered":"\u0627\u0644\u062a\u0627\u0631\u064a\u062e \u0648\u0627\u0644\u062a\u0631\u0627\u062b"},"content":{"rendered":"\t\t<div data-elementor-type=\"wp-page\" data-elementor-id=\"6661\" class=\"elementor elementor-6661 elementor-4977\" data-elementor-post-type=\"page\">\n\t\t\t\t\t\t<section class=\"elementor-section elementor-top-section elementor-element elementor-element-b8d5a13 elementor-section-full_width elementor-section-height-default elementor-section-height-default\" data-id=\"b8d5a13\" data-element_type=\"section\">\n\t\t\t\t\t\t<div class=\"elementor-container elementor-column-gap-default\">\n\t\t\t\t\t<div class=\"elementor-column elementor-col-100 elementor-top-column elementor-element elementor-element-9d14d7e\" data-id=\"9d14d7e\" data-element_type=\"column\">\n\t\t\t<div class=\"elementor-widget-wrap elementor-element-populated\">\n\t\t\t\t\t\t<div class=\"elementor-element elementor-element-fbbcf5b elementor-widget elementor-widget-ideapark-page-header\" data-id=\"fbbcf5b\" data-element_type=\"widget\" data-widget_type=\"ideapark-page-header.default\">\n\t\t\t\t<div class=\"elementor-widget-container\">\n\t\t\t<header class=\"l-section c-page-header\"><h1 class=\"c-page-header__title\">\u0627\u0644\u062a\u0627\u0631\u064a\u062e \u0648\u0627\u0644\u062a\u0631\u0627\u062b<\/h1><\/header>\t\t<\/div>\n\t\t\t\t<\/div>\n\t\t\t\t\t<\/div>\n\t\t<\/div>\n\t\t\t\t\t<\/div>\n\t\t<\/section>\n\t\t\t\t<section class=\"elementor-section elementor-top-section elementor-element elementor-element-094d4e2 elementor-section-full_width elementor-section-height-default elementor-section-height-default\" data-id=\"094d4e2\" data-element_type=\"section\">\n\t\t\t\t\t\t<div class=\"elementor-container elementor-column-gap-default\">\n\t\t\t\t\t<div class=\"elementor-column elementor-col-100 elementor-top-column elementor-element elementor-element-a732a09\" data-id=\"a732a09\" data-element_type=\"column\">\n\t\t\t<div class=\"elementor-widget-wrap elementor-element-populated\">\n\t\t\t\t\t\t<div class=\"elementor-element elementor-element-a7adea1 elementor-widget elementor-widget-html\" data-id=\"a7adea1\" data-element_type=\"widget\" data-widget_type=\"html.default\">\n\t\t\t\t<div class=\"elementor-widget-container\">\n\t\t\t<link href=\"https:\/\/fonts.googleapis.com\/css2?family=Cairo:wght@400;700&display=swap\" rel=\"stylesheet\">\r\n\r\n\r\n<div class=\"timeline\">\r\n   <div class=\"container container-left\">\r\n       <div class=\"image\" style=\"background-image:url('https:\/\/buhajarjewelry.com\/wp-content\/uploads\/2024\/08\/1943.png')\"><\/div>\r\n       <div class=\"content\">\r\n           <span>1943<\/span>\r\n           <h2>\u062a\u0623\u0633\u064a\u0633 \u0627\u0644\u0645\u062a\u0627\u062c\u0631<\/h2>\r\n           <p>\r\n\u0645\u0639 \u0627\u0632\u062f\u0647\u0627\u0631 \u062a\u062c\u0627\u0631\u0629 \u0627\u0644\u0646\u0633\u064a\u062c \u0648\u0627\u0644\u062d\u0631\u064a\u0631 \u0645\u0646\u0630 \u0623\u0648\u0627\u0626\u0644 \u0627\u0644\u0639\u0634\u0631\u064a\u0646\u0627\u062a\u060c \u0642\u0627\u0645 \u0627\u0644\u062d\u0627\u062c \u0623\u062d\u0645\u062f \u0623\u0628\u0648\u062d\u062c\u0631 \u0628\u062a\u0623\u0633\u064a\u0633 \u0645\u062a\u0627\u062c\u0631\u0647 \u0641\u064a \u0633\u0648\u0642 \u0627\u0644\u0645\u0634\u064a\u0631 \u062d\u064a\u062b \u064a\u0628\u064a\u0639 \u0623\u0641\u062e\u0631 \u0623\u0646\u0648\u0627\u0639 \u0627\u0644\u062d\u0631\u064a\u0631 \u0648\u0627\u0644\u0646\u0633\u064a\u062c \u0627\u0644\u0645\u0633\u062a\u0648\u0631\u062f \u0645\u0646 \u062c\u0645\u064a\u0639\u00a0\u0623\u0646\u062d\u0627\u0621\u00a0\u0627\u0644\u0639\u0627\u0644\u0645.\r\n           <\/p>\r\n       <\/div>\r\n   <\/div>\r\n   <div class=\"container container-right\">\r\n       <div class=\"image\" style=\"background-image:url('https:\/\/buhajarjewelry.com\/wp-content\/uploads\/2024\/08\/1958.png')\"><\/div>\r\n       <div class=\"content\">\r\n           <span>1958<\/span>\r\n           <h2>\u0623\u0648\u0644 \u0645\u062a\u062c\u0631 \u0630\u0647\u0628<\/h2>\r\n           <p>\r\n\u064a\u0645\u062b\u0644 \u0647\u0630\u0627 \u0627\u0644\u0639\u0627\u0645 \u0638\u0647\u0648\u0631 \u0623\u0648\u0644 \u0645\u062a\u062c\u0631 \u0630\u0647\u0628 \u0623\u0628\u0648\u062d\u062c\u0631 \u0627\u0644\u0630\u064a \u0623\u0633\u0633\u0647 \u0627\u0644\u062d\u0627\u062c \u0645\u0635\u0637\u0641\u0649 \u0623\u0628\u0648\u062d\u062c\u0631 \u0641\u064a \u0642\u0644\u0628 \u0637\u0631\u0627\u0628\u0644\u0633 \u0641\u064a \u0633\u0648\u0642 \u0627\u0644\u0645\u0634\u064a\u0631. \u064a\u064f\u0639\u062a\u0628\u0631 \u0633\u0648\u0642 \u0627\u0644\u0645\u0634\u064a\u0631 \u0645\u0646 \u0627\u0644\u0623\u0633\u0648\u0627\u0642 \u0627\u0644\u062a\u0627\u0631\u064a\u062e\u064a\u0629 \u0641\u064a\u00a0\u0637\u0631\u0627\u0628\u0644\u0633\u00a0\u0627\u0644\u0642\u062f\u064a\u0645\u0629.\r\n           <\/p>\r\n       <\/div>\r\n   <\/div>\r\n   <div class=\"container container-left\">\r\n       <div class=\"image\" style=\"background-image:url('https:\/\/buhajarjewelry.com\/wp-content\/uploads\/2024\/08\/1963.png')\"><\/div>\r\n       <div class=\"content\">\r\n           <span>1963<\/span>\r\n           <h2>\r\n\u062a\u0645\u064a\u0632 \u0641\u064a \u0642\u0637\u0627\u0639 \u0627\u0644\u0630\u0647\u0628<\/h2>\r\n           <p>\r\n\u062a\u0639\u062a\u0628\u0631 \u0639\u0627\u0626\u0644\u0629 \u0623\u0628\u0648\u062d\u062c\u0631 \u0645\u0646 \u0628\u064a\u0646 \u0623\u0648\u0644\u0649 \u0627\u0644\u0639\u0627\u0626\u0644\u0627\u062a \u0627\u0644\u062a\u064a \u062a\u0645\u064a\u0632\u062a \u0641\u064a \u0642\u0637\u0627\u0639 \u0627\u0644\u0630\u0647\u0628\u060c \u0645\u0645\u0627 \u062c\u0639\u0644\u0647\u0627 \u062a\u0628\u0631\u0632\u00a0\u0639\u0646\u00a0\u0627\u0644\u0622\u062e\u0631\u064a\u0646.\r\n           <\/p>\r\n       <\/div>\r\n   <\/div>\r\n   <div class=\"container container-right\">\r\n       <div class=\"image\" style=\"background-image:url('https:\/\/buhajarjewelry.com\/wp-content\/uploads\/2024\/08\/1970.png')\"><\/div>\r\n       <div class=\"content\">\r\n           <span>1970<\/span>\r\n           <h2>\u0627\u0633\u062a\u064a\u0631\u0627\u062f \u0627\u0644\u0623\u0644\u0645\u0627\u0633\r\n<\/h2>\r\n           <p>\r\n\u0643\u0627\u0646\u062a \u0639\u0627\u0626\u0644\u0629 \u0623\u0628\u0648\u062d\u062c\u0631 \u0647\u064a \u0627\u0644\u0623\u0648\u0644\u0649 \u0627\u0644\u062a\u064a \u062a\u0633\u062a\u0648\u0631\u062f \u0627\u0644\u0623\u0644\u0645\u0627\u0633 \u0645\u0646 \u0627\u0644\u0623\u0633\u0648\u0627\u0642 \u0627\u0644\u0625\u064a\u0637\u0627\u0644\u064a\u0629 \u0648\u0627\u0644\u0644\u0628\u0646\u0627\u0646\u064a\u0629\u00a0\u0625\u0644\u0649\u00a0\u0644\u064a\u0628\u064a\u0627.\r\n           <\/p>\r\n       <\/div>\r\n   <\/div>\r\n   <div class=\"container container-left\">\r\n       <div class=\"image\" style=\"background-image:url('https:\/\/buhajarjewelry.com\/wp-content\/uploads\/2024\/08\/1978.png')\"><\/div>\r\n       <div class=\"content\">\r\n           <span>1978<\/span>\r\n           <h2>\r\n\u0627\u0633\u062a\u0645\u0631\u0627\u0631 \u0627\u0644\u0639\u0645\u0644 \u0631\u063a\u0645 \u0627\u0644\u062a\u0623\u0645\u064a\u0645<\/h2>\r\n           <p>\r\n\u0639\u0644\u0649 \u0627\u0644\u0631\u063a\u0645 \u0645\u0646 \u0642\u0631\u0627\u0631\u0627\u062a \u0627\u0644\u062a\u0623\u0645\u064a\u0645 \u0648\u0625\u0644\u063a\u0627\u0621 \u0627\u0644\u0645\u0644\u0643\u064a\u0629 \u0627\u0644\u062e\u0627\u0635\u0629 \u0627\u0644\u062a\u064a \u0623\u062b\u0631\u062a \u0639\u0644\u0649 \u0627\u0644\u0645\u0646\u0634\u0622\u062a \u0627\u0644\u062a\u062c\u0627\u0631\u064a\u0629 \u0648\u0627\u0644\u0635\u0646\u0627\u0639\u064a\u0629 \u0641\u064a \u0644\u064a\u0628\u064a\u0627\u060c \u0627\u0633\u062a\u0645\u0631\u062a \u0645\u062a\u0627\u062c\u0631 \u0623\u0628\u0648\u062d\u062c\u0631 \u0641\u064a \u062a\u0644\u0628\u064a\u0629 \u0627\u062d\u062a\u064a\u0627\u062c\u0627\u062a\u00a0\u0639\u0645\u0644\u0627\u0626\u0647\u0627..\r\n           <\/p>\r\n       <\/div>\r\n   <\/div>\r\n   <div class=\"container container-right\">\r\n       <div class=\"image\" style=\"background-image:url('https:\/\/buhajarjewelry.com\/wp-content\/uploads\/2024\/08\/1988.png')\"><\/div>\r\n       <div class=\"content\">\r\n           <span>1988<\/span>\r\n           <h2>\u0625\u0639\u0627\u062f\u0629 \u0641\u062a\u062d \u0627\u0644\u0633\u0648\u0642<\/h2>\r\n           <p>\r\n               \u0639\u0627\u062f\u062a \u0627\u0644\u0634\u0631\u0643\u0627\u062a \u0627\u0644\u062e\u0627\u0635\u0629 \u0644\u0644\u0639\u0645\u0644\u060c \u0648\u0623\u0635\u0628\u062d \u0627\u0644\u0633\u0648\u0642 \u0627\u0644\u0644\u064a\u0628\u064a \u0645\u0641\u062a\u0648\u062d\u064b\u0627 \u0623\u0645\u0627\u0645 \u0627\u0644\u0623\u0633\u0648\u0627\u0642 \u0627\u0644\u063a\u0631\u0628\u064a\u0629\u060c \u0648\u062e\u0627\u0635\u0629 \u0627\u0644\u0633\u0648\u0642 \u0634\u0645\u0627\u0644 \u0627\u0644\u0623\u0641\u0631\u064a\u0642\u064a.\r\n           <\/p>\r\n       <\/div>\r\n   <\/div>\r\n   <div class=\"container container-left\">\r\n       <div class=\"image\" style=\"background-image:url('https:\/\/buhajarjewelry.com\/wp-content\/uploads\/2024\/08\/1989.png')\"><\/div>\r\n       <div class=\"content\">\r\n           <span>1989<\/span>\r\n           <h2>\u062a\u063a\u064a\u064a\u0631 \u0627\u0644\u0625\u062f\u0627\u0631\u0629\r\n<\/h2>\r\n           <p>\r\n\u0628\u0639\u062f \u062a\u062e\u0631\u062c\u0647 \u0645\u0646 \u062c\u0627\u0645\u0639\u0629 \u0623\u0648\u0631\u064a\u063a\u0648\u0646 \u0641\u064a \u0627\u0644\u0648\u0644\u0627\u064a\u0627\u062a \u0627\u0644\u0645\u062a\u062d\u062f\u0629\u060c \u0627\u0646\u0636\u0645 \u0627\u0644\u0633\u064a\u062f \u0639\u0628\u062f \u0627\u0644\u0631\u0624\u0648\u0641 \u0623\u0628\u0648\u062d\u062c\u0631 \u0625\u0644\u0649 \u0641\u0631\u064a\u0642 \u0625\u062f\u0627\u0631\u0629 \u0645\u062a\u0627\u062c\u0631 \u0623\u0628\u0648\u062d\u062c\u0631\u00a0\u0644\u0644\u0645\u062c\u0648\u0647\u0631\u0627\u062a.\r\n           <\/p>\r\n       <\/div>\r\n   <\/div>\r\n   <div class=\"container container-right\">\r\n       <div class=\"image\" style=\"background-image:url('https:\/\/buhajarjewelry.com\/wp-content\/uploads\/2024\/08\/1992.png')\"><\/div>\r\n       <div class=\"content\">\r\n           <span>1992<\/span>\r\n           <h2>\u0645\u0639\u0627\u0631\u0636 \u062f\u0648\u0644\u064a\u0629\r\n<\/h2>\r\n           <p>\r\n\u0638\u0647\u0631\u062a \u0623\u0628\u0648\u062d\u062c\u0631 \u0641\u064a \u0627\u0644\u0645\u0639\u0627\u0631\u0636 \u0627\u0644\u062f\u0648\u0644\u064a\u0629 \u0641\u064a \u0639\u0648\u0627\u0635\u0645 \u0627\u0644\u0630\u0647\u0628 \u0648\u0627\u0644\u0645\u062c\u0648\u0647\u0631\u0627\u062a \u0627\u0644\u0645\u0631\u0645\u0648\u0642\u0629 \u0644\u0627\u0633\u062a\u064a\u0631\u0627\u062f \u0623\u0641\u062e\u0631 \u0648\u0623\u062d\u062f\u062b \u0645\u062c\u0645\u0648\u0639\u0627\u062a \u0627\u0644\u0645\u062c\u0648\u0647\u0631\u0627\u062a\u060c \u0645\u0645\u0627 \u0648\u0633\u0639\u00a0\u0622\u0641\u0627\u0642\u00a0\u0627\u0644\u0623\u0639\u0645\u0627\u0644.\r\n           <\/p>\r\n       <\/div>\r\n   <\/div>\r\n   <div class=\"container container-left\">\r\n       <div class=\"image\" style=\"background-image:url('https:\/\/buhajarjewelry.com\/wp-content\/uploads\/2024\/08\/1999.png')\"><\/div>\r\n       <div class=\"content\">\r\n           <span>1999<\/span>\r\n           <h2>\u0634\u0631\u0627\u0643\u0629 \u0645\u0639 \u062f\u0627\u0645\u0627\u0633<\/h2>\r\n           <p>\r\n\u0623\u0633\u0633\u062a \u0645\u062a\u0627\u062c\u0631 \u0623\u0628\u0648\u062d\u062c\u0631 \u0634\u0631\u0627\u0643\u0629 \u0646\u0627\u062c\u062d\u0629 \u0645\u0639 \u0627\u0644\u0645\u062a\u0627\u062c\u0631 \u0627\u0644\u062f\u0648\u0644\u064a\u0629 \u0644\u062f\u0627\u0645\u0627\u0633\u060c \u0645\u0645\u0627 \u064a\u0648\u0641\u0631 \u0644\u0639\u0645\u0644\u0627\u0626\u0647\u0627 \u062a\u062c\u0631\u0628\u0629\u00a0\u062a\u0633\u0648\u0642\u00a0\u062c\u062f\u064a\u062f\u0629..\r\n           <\/p>\r\n       <\/div>\r\n   <\/div>\r\n   <div class=\"container container-right\">\r\n       <div class=\"image\" style=\"background-image:url('https:\/\/buhajarjewelry.com\/wp-content\/uploads\/2024\/08\/2008.png')\"><\/div>\r\n       <div class=\"content\">\r\n           <span>2008<\/span>\r\n           <h2>\r\n\u0646\u0647\u0627\u064a\u0629 \u0627\u0644\u0634\u0631\u0627\u0643\u0629 \u0645\u0639 \u062f\u0627\u0645\u0627\u0633<\/h2>\r\n           <p>\r\n\u0646\u062a\u0647\u062a \u0627\u0644\u0634\u0631\u0627\u0643\u0629 \u0645\u0639 \u062f\u0627\u0645\u0627\u0633\u060c \u0648\u062a\u0639\u0645\u0644 \u0623\u0628\u0648\u062d\u062c\u0631 \u0645\u062a\u0627\u062c\u0631\u0647\u0627 \u062a\u062d\u062a \u0627\u0633\u0645 \u0627\u0644\u0639\u0627\u0626\u0644\u0629 \u0627\u0644\u0645\u0631\u0645\u0648\u0642 \u0627\u0644\u0630\u064a \u064a\u0631\u0645\u0632\u00a0\u0625\u0644\u0649\u00a0\u0627\u0644\u0623\u0641\u0636\u0644.\r\n           <\/p>\r\n       <\/div>\r\n   <\/div>\r\n   <div class=\"container container-left\">\r\n       <div class=\"image\" style=\"background-image:url('https:\/\/buhajarjewelry.com\/wp-content\/uploads\/2024\/08\/2009.png')\"><\/div>\r\n       <div class=\"content\">\r\n           <span>2009<\/span>\r\n           <h2>\u062a\u0645\u062b\u064a\u0644 \u0627\u0644\u0639\u0644\u0627\u0645\u0627\u062a \u0627\u0644\u062a\u062c\u0627\u0631\u064a\u0629 \u0627\u0644\u062f\u0648\u0644\u064a\u0629<\/h2>\r\n           <p>\r\n\u062a\u0645\u062b\u0644 \u0639\u0627\u0626\u0644\u0629 \u0623\u0628\u0648\u062d\u062c\u0631 \u0623\u0647\u0645 \u0627\u0644\u0639\u0644\u0627\u0645\u0627\u062a \u0627\u0644\u062a\u062c\u0627\u0631\u064a\u0629 \u0627\u0644\u062f\u0648\u0644\u064a\u0629 \u0644\u0644\u0645\u062c\u0648\u0647\u0631\u0627\u062a \u0648\u0627\u0644\u0633\u0627\u0639\u0627\u062a\u00a0\u0641\u064a\u00a0\u0644\u064a\u0628\u064a\u0627.\r\n           <\/p>\r\n       <\/div>\r\n   <\/div>\r\n   <div class=\"container container-right\">\r\n       <div class=\"image\" style=\"background-image:url('https:\/\/buhajarjewelry.com\/wp-content\/uploads\/2024\/08\/2015.png')\"><\/div>\r\n       <div class=\"content\">\r\n           <span>2015<\/span>\r\n           <h2>\u0627\u0633\u062a\u0631\u0627\u062a\u064a\u062c\u064a\u0629 \u0627\u0644\u062a\u0648\u0633\u0639\r\n<\/h2>\r\n           <p>\r\n\u062a\u0645 \u0628\u0646\u0627\u0621 \u0627\u0633\u062a\u0631\u0627\u062a\u064a\u062c\u064a\u0629 \u062a\u0648\u0633\u0639 \u062c\u062f\u064a\u062f\u0629 \u0644\u0645\u062c\u0645\u0648\u0639\u0629 \u0623\u0628\u0648\u062d\u062c\u0631 \u062a\u0633\u062a\u0647\u062f\u0641 \u0645\u062a\u0627\u062c\u0631 \u0627\u0644\u0630\u0647\u0628 \u0648\u0627\u0644\u0645\u062c\u0648\u0647\u0631\u0627\u062a\u060c \u0645\u0639 \u0627\u0644\u0623\u062e\u0630 \u0641\u064a \u0627\u0644\u0627\u0639\u062a\u0628\u0627\u0631 \u0648\u0636\u0639 \u0627\u0644\u0633\u0648\u0642 \u0627\u0644\u062d\u0627\u0644\u064a \u0648\u0622\u0641\u0627\u0642\u0647 \u0627\u0644\u0645\u062d\u0644\u064a\u0629 \u0648\u0627\u0644\u062f\u0648\u0644\u064a\u0629\u00a0\u0627\u0644\u0648\u0627\u0639\u062f\u0629..\r\n           <\/p>\r\n       <\/div>\r\n   <\/div>\r\n<\/div>\r\n\r\n\r\n\r\n<style>\r\n\r\n.timeline {\r\n   position: relative;\r\n   max-width: 1200px; \/* Geni\u015f ekranlarda geni\u015fli\u011fi s\u0131n\u0131rla *\/\r\n   margin: 0 auto; \/* \u0130\u00e7eri\u011fi ortala *\/\r\n   padding: 30px;\r\n   font-family: 'Cairo', sans-serif; \/* Cairo fontu *\/\r\n}\r\n\r\n\/* Bu, ger\u00e7ek zaman \u00e7izgisini olu\u015fturur *\/\r\n.timeline::after {\r\n   content: '';\r\n   position: absolute;\r\n   width: 2px;\r\n   background-color: #f8d6a8;\r\n   top: 0;\r\n   bottom: 0;\r\n   right: 50%; \/* RTL: Sa\u011fda ortalanm\u0131\u015f \u00e7izgi *\/\r\n   margin-right: -3px;\r\n   box-shadow: 0 4px 6px -1px rgba(0, 0, 0, 0.1);\r\n   z-index: 1;\r\n}\r\n\r\n.container {\r\n   position: relative;\r\n   width: 50%;\r\n   font-family: 'Cairo', sans-serif; \/* Cairo fontu *\/\r\n}\r\n\r\n\/* Sol tarafta olan konteynerler sa\u011fa hizalan\u0131r (RTL uyumlu) *\/\r\n.container-left {\r\n   right: 0;\r\n   text-align: right; \/* \u0130\u00e7erik sola hizalan\u0131r *\/\r\n   padding-left: 70px;\r\n}\r\n\r\n\/* Sa\u011f tarafta olan konteynerler sola hizalan\u0131r (RTL uyumlu) *\/\r\n.container-right {\r\n   right: 50%; \/* Sa\u011fdan sola sayfalarda sa\u011fdaki olaylar solda g\u00f6r\u00fcn\u00fcr *\/\r\n   text-align: right; \/* \u0130\u00e7erik sa\u011fa hizalan\u0131r *\/\r\n   padding-right: 70px;\r\n}\r\n\r\n\/* Bu k\u0131s\u0131mlar kutular\u0131 ba\u015flat\u0131r *\/\r\n.content {\r\n   padding: 30px;\r\n   background-color: white;\r\n   position: relative;\r\n   border-radius: 6px;\r\n   box-shadow: 0 4px 6px -1px rgba(0, 0, 0, 0.1);\r\n   font-family: 'Cairo', sans-serif; \/* Cairo fontu *\/\r\n}\r\n\r\n\/* Zaman \u00e7izgisi ile olaylar\u0131 ba\u011flayan \u00fc\u00e7gen ba\u011flant\u0131lar\u0131 ayarlar *\/\r\n.container .content::before {\r\n   content: \" \";\r\n   height: 0;\r\n   position: absolute;\r\n   top: 35px;\r\n   width: 0;\r\n   z-index: 1;\r\n   border: medium solid white;\r\n}\r\n\r\n\/* \u00dc\u00e7gen ba\u011flant\u0131lar i\u00e7in ayarlamalar (RTL) *\/\r\n.container-left .content::before {\r\n   left: -10px; \/* Sol tarafa hizalan\u0131r *\/\r\n   border-width: 10px 10px 10px 0;\r\n   border-color: transparent white transparent transparent;\r\n}\r\n\r\n.container-right .content::before {\r\n   right: -10px; \/* Sa\u011f tarafa hizalan\u0131r *\/\r\n   border-width: 10px 0 10px 10px;\r\n   border-color: transparent transparent transparent white;\r\n}\r\n\r\n.image {\r\n   width: 120px;\r\n   height: 120px;\r\n   background-size: cover;\r\n   background-position: center;\r\n   border: solid 3px #f8d6a8;\r\n   border-radius: 50%;\r\n   box-shadow: 0 4px 6px -1px rgba(0, 0, 0, 0.1);\r\n   position: absolute;\r\n   z-index: 2;\r\n}\r\n\r\n\/* Resimleri sa\u011fa hizalar *\/\r\n.container-left .image {\r\n   left: 0;\r\n   margin-left: -60px;\r\n   top: 30%;\r\n}\r\n\r\n\/* Resimleri sola hizalar *\/\r\n.container-right .image {\r\n   right: 0;\r\n   margin-right: -60px;\r\n   top: 30%;\r\n}\r\n\r\n\/* Yaz\u0131 kutular\u0131 i\u00e7in stiller *\/\r\n.content span {\r\n   color: #c6ad8a;\r\n   font-size: 1.1em;\r\n   font-weight: bold;\r\n}\r\n\r\n.content h2 {\r\n   font-size: 1.8em;\r\n   padding-top: 5px;\r\n}\r\n\r\n.content p {\r\n   line-height: 1.6;\r\n   padding-top: 5px;\r\n}\r\n\r\n\/* K\u00fc\u00e7\u00fck ekranlar i\u00e7in duyarl\u0131 stiller *\/\r\n@media screen and (max-width: 767px) {\r\n   .timeline::after {\r\n      \/* K\u00fc\u00e7\u00fck ekranlar i\u00e7in zaman \u00e7izgisi \u00e7izgisi ayarlar\u0131 *\/\r\n   }\r\n\r\n   .container {\r\n      width: 100%;\r\n      padding-left: 0;\r\n      padding-right: 0;\r\n      margin-top: 30px;\r\n   }\r\n\r\n   .container-left,\r\n   .container-right {\r\n      right: 0;\r\n      text-align: center;\r\n      padding: 0;\r\n   }\r\n\r\n   .container .image {\r\n      top: 0;\r\n      margin: 0 auto;\r\n      right: 50%;\r\n      transform: translateX(50%);\r\n   }\r\n\r\n   .container .content {\r\n      padding: 20px;\r\n   }\r\n\r\n   .container-left .content::before,\r\n   .container-right .content::before {\r\n      display: none;\r\n   }\r\n\r\n   .content span {\r\n      font-size: 1em;\r\n      display: block;\r\n   }\r\n\r\n   .content h2 {\r\n      font-size: 1.5em;\r\n   }\r\n\r\n   .content p {\r\n      font-size: 1em;\r\n      line-height: 1.4;\r\n   }\r\n}\r\n\r\n@media screen and (max-width: 480px) {\r\n   .container {\r\n      padding-right: 0;\r\n      padding-top: 100px;\r\n      z-index: 3;\r\n   }\r\n\r\n   .container .image {\r\n      width: 100px;\r\n      height: 100px;\r\n      top: 0;\r\n      margin-left: 0;\r\n      margin-right: 0;\r\n      right: 50%;\r\n      transform: translateX(50%);\r\n   }\r\n\r\n   .container .content::before {\r\n      right: 50%;\r\n      transform: translateX(50%);\r\n      top: -10px;\r\n      border: medium solid white;\r\n      border-width: 0 10px 10px 10px;\r\n      border-color: transparent transparent white transparent;\r\n   }\r\n}\r\n\r\n\r\n\r\n<\/style>\t\t<\/div>\n\t\t\t\t<\/div>\n\t\t\t\t\t<\/div>\n\t\t<\/div>\n\t\t\t\t\t<\/div>\n\t\t<\/section>\n\t\t\t\t<\/div>\n\t\t","protected":false},"excerpt":{"rendered":"<p>\u0627\u0644\u062a\u0627\u0631\u064a\u062e \u0648\u0627\u0644\u062a\u0631\u0627\u062b 1943 \u062a\u0623\u0633\u064a\u0633 \u0627\u0644\u0645\u062a\u0627\u062c\u0631 \u0645\u0639 \u0627\u0632\u062f\u0647\u0627\u0631 \u062a\u062c\u0627\u0631\u0629 \u0627\u0644\u0646\u0633\u064a\u062c \u0648\u0627\u0644\u062d\u0631\u064a\u0631 \u0645\u0646\u0630 \u0623\u0648\u0627\u0626\u0644 \u0627\u0644\u0639\u0634\u0631\u064a\u0646\u0627\u062a\u060c \u0642\u0627\u0645 \u0627\u0644\u062d\u0627\u062c \u0623\u062d\u0645\u062f \u0623\u0628\u0648\u062d\u062c\u0631 \u0628\u062a\u0623\u0633\u064a\u0633&hellip;<\/p>\n","protected":false},"author":1,"featured_media":0,"parent":0,"menu_order":0,"comment_status":"closed","ping_status":"closed","template":"elementor_header_footer","meta":{"footnotes":""},"class_list":["post-6661","page","type-page","status-publish","hentry"],"_links":{"self":[{"href":"https:\/\/buhajarjewelry.com\/ar\/wp-json\/wp\/v2\/pages\/6661","targetHints":{"allow":["GET"]}}],"collection":[{"href":"https:\/\/buhajarjewelry.com\/ar\/wp-json\/wp\/v2\/pages"}],"about":[{"href":"https:\/\/buhajarjewelry.com\/ar\/wp-json\/wp\/v2\/types\/page"}],"author":[{"embeddable":true,"href":"https:\/\/buhajarjewelry.com\/ar\/wp-json\/wp\/v2\/users\/1"}],"replies":[{"embeddable":true,"href":"https:\/\/buhajarjewelry.com\/ar\/wp-json\/wp\/v2\/comments?post=6661"}],"version-history":[{"count":21,"href":"https:\/\/buhajarjewelry.com\/ar\/wp-json\/wp\/v2\/pages\/6661\/revisions"}],"predecessor-version":[{"id":9142,"href":"https:\/\/buhajarjewelry.com\/ar\/wp-json\/wp\/v2\/pages\/6661\/revisions\/9142"}],"wp:attachment":[{"href":"https:\/\/buhajarjewelry.com\/ar\/wp-json\/wp\/v2\/media?parent=6661"}],"curies":[{"name":"wp","href":"https:\/\/api.w.org\/{rel}","templated":true}]}}